{"id":84,"date":"2023-09-27T21:03:13","date_gmt":"2023-09-27T20:03:13","guid":{"rendered":"https:\/\/transportmotocykli.pl\/old\/?page_id=84"},"modified":"2024-11-05T08:31:45","modified_gmt":"2024-11-05T07:31:45","slug":"magazynowanie-motocykli","status":"publish","type":"page","link":"https:\/\/transportmotocykli.pl\/old\/magazynowanie-motocykli\/","title":{"rendered":"Magazynowanie motocykli"},"content":{"rendered":"<h1>Przechowamy Tw\u00f3j motocykl<\/h1>\n<p>Je\u017celi odczuwasz potrzeb\u0119 jazdy w sezonie zimowym, mamy dla Ciebie idealne rozwi\u0105zanie. Przechowaj Tw\u00f3j motocykl w naszym w pe\u0142ni zaopatrzonym magazynie w Hiszpanii.<\/p>\n<h2>Rado\u015b\u0107 z jazdy przez ca\u0142y rok<\/h2>\n<p>Nasze us\u0142ugi magazynowania motocykli oferuj\u0105 nie tylko bezpieczne przechowywanie, ale tak\u017ce wygod\u0119 i swobod\u0119 u\u017cytkowania. Magazyn w s\u0142onecznej Hiszpanii jest wyposa\u017cony w systemy bezpiecze\u0144stwa, w tym monitoring 24\/7, kontrol\u0119 dost\u0119pu i systemy alarmowe. Nasz profesjonalny transport zapewni dostarczenie Twojego motocykla do magazynu w nienaruszonym stanie, gotowego do jazdy.<\/p>\n<p>\t\t\t\t\t\t\t\t\t\t\t\t\t<img loading=\"lazy\" decoding=\"async\" width=\"800\" height=\"533\" src=\"https:\/\/transportmotocykli.pl\/old\/wp-content\/uploads\/4F7A5581-1920x1280.jpg\" alt=\"magazynowanie motocykli przez firm\u0119 transport motocykli\" srcset=\"https:\/\/transportmotocykli.pl\/old\/wp-content\/uploads\/4F7A5581-1920x1280.jpg 1920w, https:\/\/transportmotocykli.pl\/old\/wp-content\/uploads\/4F7A5581-960x640.jpg 960w, https:\/\/transportmotocykli.pl\/old\/wp-content\/uploads\/4F7A5581-768x512.jpg 768w, https:\/\/transportmotocykli.pl\/old\/wp-content\/uploads\/4F7A5581-1536x1024.jpg 1536w, https:\/\/transportmotocykli.pl\/old\/wp-content\/uploads\/4F7A5581.jpg 2048w\" sizes=\"auto, (max-width: 800px) 100vw, 800px\" \/>\t\t\t\t\t\t\t\t\t\t\t\t\t<\/p>\n<h2>\n\t\t\t\tDla Kogo?\t\t\t\t<\/h2>\n<p>\t\t\t\t\t\t\t\t\t\t\t\t\t<img loading=\"lazy\" decoding=\"async\" width=\"800\" height=\"1200\" src=\"https:\/\/transportmotocykli.pl\/old\/wp-content\/uploads\/4F7A5664-1280x1920.jpg\" alt=\"przygotowywanie motocyklu do transportu\" srcset=\"https:\/\/transportmotocykli.pl\/old\/wp-content\/uploads\/4F7A5664-1280x1920.jpg 1280w, https:\/\/transportmotocykli.pl\/old\/wp-content\/uploads\/4F7A5664-640x960.jpg 640w, https:\/\/transportmotocykli.pl\/old\/wp-content\/uploads\/4F7A5664-768x1152.jpg 768w, https:\/\/transportmotocykli.pl\/old\/wp-content\/uploads\/4F7A5664-1024x1536.jpg 1024w, https:\/\/transportmotocykli.pl\/old\/wp-content\/uploads\/4F7A5664.jpg 1365w\" sizes=\"auto, (max-width: 800px) 100vw, 800px\" \/>\t\t\t\t\t\t\t\t\t\t\t\t\t<\/p>\n<h2>Indywidualni Klienci<\/h2>\n<p>\t\t\t\t\t\t\t\t\t\t\t\t\t<img loading=\"lazy\" decoding=\"async\" width=\"800\" height=\"1200\" src=\"https:\/\/transportmotocykli.pl\/old\/wp-content\/uploads\/4F7A6037-1280x1920.jpg\" alt=\"Zabezpieczanie motocyklu do transportu\" srcset=\"https:\/\/transportmotocykli.pl\/old\/wp-content\/uploads\/4F7A6037-1280x1920.jpg 1280w, https:\/\/transportmotocykli.pl\/old\/wp-content\/uploads\/4F7A6037-640x960.jpg 640w, https:\/\/transportmotocykli.pl\/old\/wp-content\/uploads\/4F7A6037-768x1152.jpg 768w, https:\/\/transportmotocykli.pl\/old\/wp-content\/uploads\/4F7A6037-1024x1536.jpg 1024w, https:\/\/transportmotocykli.pl\/old\/wp-content\/uploads\/4F7A6037.jpg 1365w\" sizes=\"auto, (max-width: 800px) 100vw, 800px\" \/>\t\t\t\t\t\t\t\t\t\t\t\t\t<\/p>\n<h2>Wyprawy zorganizowane<\/h2>\n<p>\t\t\t\t\t\t\t\t\t\t\t\t\t<img loading=\"lazy\" decoding=\"async\" width=\"800\" height=\"533\" src=\"https:\/\/transportmotocykli.pl\/old\/wp-content\/uploads\/4F7A5575-3-1920x1280.jpg\" alt=\"przygotowywanie motocykli do transportu\" srcset=\"https:\/\/transportmotocykli.pl\/old\/wp-content\/uploads\/4F7A5575-3-1920x1280.jpg 1920w, https:\/\/transportmotocykli.pl\/old\/wp-content\/uploads\/4F7A5575-3-960x640.jpg 960w, https:\/\/transportmotocykli.pl\/old\/wp-content\/uploads\/4F7A5575-3-768x512.jpg 768w, https:\/\/transportmotocykli.pl\/old\/wp-content\/uploads\/4F7A5575-3-1536x1024.jpg 1536w, https:\/\/transportmotocykli.pl\/old\/wp-content\/uploads\/4F7A5575-3.jpg 2047w\" sizes=\"auto, (max-width: 800px) 100vw, 800px\" \/>\t\t\t\t\t\t\t\t\t\t\t\t\t<\/p>\n<h2>Kluby motocyklowe<\/h2>\n<p>\t\t\t\t\t\t\t\t\t\t\t\t\t<img loading=\"lazy\" decoding=\"async\" width=\"800\" height=\"533\" src=\"https:\/\/transportmotocykli.pl\/old\/wp-content\/uploads\/wyjazdy-firmowe.webp\" alt=\"Zesp\u00f3\u0142 Transport motocykli\" srcset=\"https:\/\/transportmotocykli.pl\/old\/wp-content\/uploads\/wyjazdy-firmowe.webp 1920w, https:\/\/transportmotocykli.pl\/old\/wp-content\/uploads\/wyjazdy-firmowe-960x640.webp 960w, https:\/\/transportmotocykli.pl\/old\/wp-content\/uploads\/wyjazdy-firmowe-768x512.webp 768w, https:\/\/transportmotocykli.pl\/old\/wp-content\/uploads\/wyjazdy-firmowe-1536x1024.webp 1536w\" sizes=\"auto, (max-width: 800px) 100vw, 800px\" \/>\t\t\t\t\t\t\t\t\t\t\t\t\t<\/p>\n<h2>Wyjazdy<br \/>firmowe<\/h2>\n<h2>Dowiedz si\u0119 wi\u0119cej<\/h2>\n<p>Je\u015bli chcesz dowiedzie\u0107 si\u0119 wi\u0119cej o naszych us\u0142ugach magazynowania motocykli, skontaktuj si\u0119 z nami. Zapewniamy pe\u0142ne bezpiecze\u0144stwo, profesjonalizm i wygod\u0119, aby Twoja pasja do jazdy na motocyklu mog\u0142a trwa\u0107 przez ca\u0142y rok.<\/p>\n<p><strong>Skontaktuj si\u0119 z nami aby dowiedzie\u0107 si\u0119 wi\u0119cej<\/strong><\/p>\n<p>\t\t\t<a role=\"button\"><br \/>\n\t\t\t\t\t\t\t\t\tKontakt<br \/>\n\t\t\t\t\t<\/a><\/p>\n","protected":false},"excerpt":{"rendered":"<p>Przechowamy Tw\u00f3j motocykl Je\u017celi odczuwasz potrzeb\u0119 jazdy w sezonie zimowym, mamy dla Ciebie idealne rozwi\u0105zanie. Przechowaj Tw\u00f3j motocykl w naszym w pe\u0142ni zaopatrzonym magazynie w Hiszpanii. Rado\u015b\u0107 z jazdy przez ca\u0142y rok Nasze us\u0142ugi magazynowania motocykli oferuj\u0105 nie tylko bezpieczne przechowywanie, ale tak\u017ce wygod\u0119 i swobod\u0119 u\u017cytkowania. Magazyn w s\u0142onecznej Hiszpanii jest wyposa\u017cony w systemy [&hellip;]<\/p>\n","protected":false},"author":1,"featured_media":0,"parent":0,"menu_order":0,"comment_status":"closed","ping_status":"closed","template":"","meta":{"footnotes":""},"class_list":["post-84","page","type-page","status-publish","hentry"],"_links":{"self":[{"href":"https:\/\/transportmotocykli.pl\/old\/wp-json\/wp\/v2\/pages\/84","targetHints":{"allow":["GET"]}}],"collection":[{"href":"https:\/\/transportmotocykli.pl\/old\/wp-json\/wp\/v2\/pages"}],"about":[{"href":"https:\/\/transportmotocykli.pl\/old\/wp-json\/wp\/v2\/types\/page"}],"author":[{"embeddable":true,"href":"https:\/\/transportmotocykli.pl\/old\/wp-json\/wp\/v2\/users\/1"}],"replies":[{"embeddable":true,"href":"https:\/\/transportmotocykli.pl\/old\/wp-json\/wp\/v2\/comments?post=84"}],"version-history":[{"count":74,"href":"https:\/\/transportmotocykli.pl\/old\/wp-json\/wp\/v2\/pages\/84\/revisions"}],"predecessor-version":[{"id":2699,"href":"https:\/\/transportmotocykli.pl\/old\/wp-json\/wp\/v2\/pages\/84\/revisions\/2699"}],"wp:attachment":[{"href":"https:\/\/transportmotocykli.pl\/old\/wp-json\/wp\/v2\/media?parent=84"}],"curies":[{"name":"wp","href":"https:\/\/api.w.org\/{rel}","templated":true}]}}