{"id":655,"date":"2023-10-06T11:24:53","date_gmt":"2023-10-06T10:24:53","guid":{"rendered":"https:\/\/transportmotocykli.pl\/old\/?page_id=655"},"modified":"2024-11-08T10:18:29","modified_gmt":"2024-11-08T09:18:29","slug":"h2","status":"publish","type":"page","link":"https:\/\/transportmotocykli.pl\/old\/","title":{"rendered":"Strona g\u0142\u00f3wna"},"content":{"rendered":"<h1>Dostarczymy Tw\u00f3j motocykl w dowolne miejsce w Europie<\/h1>\n<p>\t\tNasza firma specjalizuje si\u0119 w logistyce transportu motocykli na terenie Europy. Korzystamy z najnowszych rozwi\u0105za\u0144 transportowych, aby zapewni\u0107 bezpieczny i efektywny przew\u00f3z Twojego jedno\u015bladu. Transport motocykla na w\u0142asn\u0105 r\u0119k\u0119 mo\u017ce by\u0107 czasoch\u0142onny i m\u0119cz\u0105cy. Du\u017co lepszym i cz\u0119sto ta\u0144szym rozwi\u0105zaniem jest podr\u00f3\u017c samolotem i odbi\u00f3r motocykli ju\u017c na miejscu.<br \/>\n\t\t\t<a role=\"button\"><br \/>\n\t\t\t\t\t\t\t\t\tDowiedz si\u0119 wi\u0119cej&#8230;<br \/>\n\t\t\t\t\t<\/a><\/p>\n<h2>Transport<\/h2>\n<p>U\u017cywamy nowoczesnych platform dostawczych oraz system\u00f3w mocuj\u0105cych. Nasze pojazdy transportowe s\u0105 wyposa\u017cone w hydrauliczne rampy za\u0142adunkowe, systemy stabilizacji oraz amortyzacji, minimalizuj\u0105c ryzyko uszkodze\u0144.<\/p>\n<p>\t\t\t<a role=\"button\"><br \/>\n\t\t\t\t\t\t\t\t\tWi\u0119cej informacji<br \/>\n\t\t\t\t\t<\/a><br \/>\n\t\t\t\t\t\t\t\t\t\t\t\t\t<img loading=\"lazy\" decoding=\"async\" width=\"800\" height=\"533\" src=\"https:\/\/transportmotocykli.pl\/old\/wp-content\/uploads\/4F7A6021-2-1920x1280.jpg\" alt=\"Motocykle przygotowane do transportu\" srcset=\"https:\/\/transportmotocykli.pl\/old\/wp-content\/uploads\/4F7A6021-2-1920x1280.jpg 1920w, https:\/\/transportmotocykli.pl\/old\/wp-content\/uploads\/4F7A6021-2-960x640.jpg 960w, https:\/\/transportmotocykli.pl\/old\/wp-content\/uploads\/4F7A6021-2-768x512.jpg 768w, https:\/\/transportmotocykli.pl\/old\/wp-content\/uploads\/4F7A6021-2-1536x1024.jpg 1536w, https:\/\/transportmotocykli.pl\/old\/wp-content\/uploads\/4F7A6021-2.jpg 2048w\" sizes=\"auto, (max-width: 800px) 100vw, 800px\" \/>\t\t\t\t\t\t\t\t\t\t\t\t\t<\/p>\n<h2>Wyprawy<\/h2>\n<p>Wsp\u00f3\u0142pracujemy z motocyklowym biurem podr\u00f3\u017cy, kt\u00f3re organizuje wyjazdy motocyklowe w r\u00f3\u017cne rejony \u015bwiata. Dzi\u0119ki temu mo\u017cemy zaoferowa\u0107 kompleksowe rozwi\u0105zania logistyczne obejmuj\u0105ce zar\u00f3wno transport motocykla, jak i wsparcie podczas ca\u0142ej wyprawy.<\/p>\n<p>\t\t\t<a role=\"button\"><br \/>\n\t\t\t\t\t\t\t\t\tWi\u0119cej informacji<br \/>\n\t\t\t\t\t<\/a><\/p>\n<h2>Magazynowanie<\/h2>\n<p>Oferujemy us\u0142ugi magazynowania motocykli oraz baga\u017cu w klimatyzowanych magazynach. Nasze jednostki s\u0105 wyposa\u017cone w systemy alarmowe oraz monitoring 24\/7, zapewniaj\u0105c pe\u0142ne bezpiecze\u0144stwo przechowywanych motocykli i baga\u017cu.<\/p>\n<p>\t\t\t<a role=\"button\"><br \/>\n\t\t\t\t\t\t\t\t\tWi\u0119cej informacji<br \/>\n\t\t\t\t\t<\/a><\/p>\n<h2>Zarezerwuj wyjazd<\/h2>\n<h5>Dla Twojej wygody przygotowali\u015bmy szczeg\u00f3\u0142owy harmonogram wyjazd\u00f3w, kt\u00f3ry pozwala zaplanowa\u0107 transport motocykla zgodnie z Twoimi potrzebami.<\/h5>\n<h3>Golub Dobrzy\u0144 &#8211; Lizbona<br \/>\n<\/h3>\n<p>3000 PLN<\/p>\n<p style=\"background-image: initial; background-position: initial; background-size: initial; background-repeat: initial; background-attachment: initial; background-origin: initial; background-clip: initial;\"><strong>Za\u0142adunek w Polsce:<\/strong><\/p>\n<ul>\n<li>\n\t\t\t\t\t\t\t\t\t\t25.01.2025\n\t\t\t\t\t\t\t\t\t<\/li>\n<\/ul>\n<p style=\"background-image: initial; background-position: initial; background-size: initial; background-repeat: initial; background-attachment: initial; background-origin: initial; background-clip: initial;\"><strong>Odbi\u00f3r motocykli:<\/strong><\/p>\n<ul>\n<li>\n\t\t\t\t\t\t\t\t\t\tLizbona\n\t\t\t\t\t\t\t\t\t<\/li>\n<li>\n\t\t\t\t\t\t\t\t\t\t03.02.2025\n\t\t\t\t\t\t\t\t\t<\/li>\n<\/ul>\n<p style=\"background-image: initial; background-position: initial; background-size: initial; background-repeat: initial; background-attachment: initial; background-origin: initial; background-clip: initial;\"><strong>Zdanie motocykli:<\/strong><\/p>\n<ul>\n<li>\n\t\t\t\t\t\t\t\t\t\tLizbona\n\t\t\t\t\t\t\t\t\t<\/li>\n<li>\n\t\t\t\t\t\t\t\t\t\t13.02.2025\n\t\t\t\t\t\t\t\t\t<\/li>\n<\/ul>\n<p style=\"background-image: initial; background-position: initial; background-size: initial; background-repeat: initial; background-attachment: initial; background-origin: initial; background-clip: initial;\"><strong>Odbi\u00f3r w Polsce:<\/strong><\/p>\n<ul>\n<li>\n\t\t\t\t\t\t\t\t\t\t22.02.2025\n\t\t\t\t\t\t\t\t\t<\/li>\n<\/ul>\n<p>\t\t\t<a href=\"https:\/\/transportmotocykli.pl\/old\/kontakt\/\"><br \/>\n\t\t\t\t\t\t\t\t\tSkontaktuj si\u0119<br \/>\n\t\t\t\t\t<\/a><\/p>\n<h3>Polska &#8211; Malaga<br \/>\n<\/h3>\n<p>700 euro<\/p>\n<p style=\"background-image: initial; background-position: initial; background-size: initial; background-repeat: initial; background-attachment: initial; background-origin: initial; background-clip: initial;\"><strong>Za\u0142adunek w Polsce:<\/strong><\/p>\n<ul>\n<li>\n\t\t\t\t\t\t\t\t\t\t19.04.2025\n\t\t\t\t\t\t\t\t\t<\/li>\n<\/ul>\n<p style=\"background-image: initial; background-position: initial; background-size: initial; background-repeat: initial; background-attachment: initial; background-origin: initial; background-clip: initial;\"><strong>Odbi\u00f3r motocykli:<\/strong><\/p>\n<ul>\n<li>\n\t\t\t\t\t\t\t\t\t\tMalaga\n\t\t\t\t\t\t\t\t\t<\/li>\n<li>\n\t\t\t\t\t\t\t\t\t\t26.04.2025\n\t\t\t\t\t\t\t\t\t<\/li>\n<\/ul>\n<p style=\"background-image: initial; background-position: initial; background-size: initial; background-repeat: initial; background-attachment: initial; background-origin: initial; background-clip: initial;\"><strong>Zdanie motocykli:<\/strong><\/p>\n<ul>\n<li>\n\t\t\t\t\t\t\t\t\t\tMalaga\n\t\t\t\t\t\t\t\t\t<\/li>\n<li>\n\t\t\t\t\t\t\t\t\t\t09.05.2025\n\t\t\t\t\t\t\t\t\t<\/li>\n<\/ul>\n<p style=\"background-image: initial; background-position: initial; background-size: initial; background-repeat: initial; background-attachment: initial; background-origin: initial; background-clip: initial;\"><strong>Odbi\u00f3r w Polsce:<\/strong><\/p>\n<ul>\n<li>\n\t\t\t\t\t\t\t\t\t\t17.05.2025\n\t\t\t\t\t\t\t\t\t<\/li>\n<\/ul>\n<p>\t\t\t<a href=\"https:\/\/transportmotocykli.pl\/old\/kontakt\/\"><br \/>\n\t\t\t\t\t\t\t\t\tSkontaktuj si\u0119<br \/>\n\t\t\t\t\t<\/a><\/p>\n<h3>Polska &#8211; Neapol<br \/>\n<\/h3>\n<p>3200 PLN<\/p>\n<p style=\"background-image: initial; background-position: initial; background-size: initial; background-repeat: initial; background-attachment: initial; background-origin: initial; background-clip: initial;\"><strong>Za\u0142adunek w Polsce:<\/strong><\/p>\n<ul>\n<li>\n\t\t\t\t\t\t\t\t\t\t26.04.2025\n\t\t\t\t\t\t\t\t\t<\/li>\n<\/ul>\n<p style=\"background-image: initial; background-position: initial; background-size: initial; background-repeat: initial; background-attachment: initial; background-origin: initial; background-clip: initial;\"><strong>Odbi\u00f3r motocykli:<\/strong><\/p>\n<ul>\n<li>\n\t\t\t\t\t\t\t\t\t\tNeapol\n\t\t\t\t\t\t\t\t\t<\/li>\n<li>\n\t\t\t\t\t\t\t\t\t\t30.04.2025\n\t\t\t\t\t\t\t\t\t<\/li>\n<\/ul>\n<p style=\"background-image: initial; background-position: initial; background-size: initial; background-repeat: initial; background-attachment: initial; background-origin: initial; background-clip: initial;\"><strong>Zdanie motocykli:<\/strong><\/p>\n<ul>\n<li>\n\t\t\t\t\t\t\t\t\t\tNeapol\n\t\t\t\t\t\t\t\t\t<\/li>\n<li>\n\t\t\t\t\t\t\t\t\t\t10.05.2025\n\t\t\t\t\t\t\t\t\t<\/li>\n<\/ul>\n<p style=\"background-image: initial; background-position: initial; background-size: initial; background-repeat: initial; background-attachment: initial; background-origin: initial; background-clip: initial;\"><strong>Odbi\u00f3r w Polsce:<\/strong><\/p>\n<ul>\n<li>\n\t\t\t\t\t\t\t\t\t\t17.05.2025\n\t\t\t\t\t\t\t\t\t<\/li>\n<\/ul>\n<p>\t\t\t<a href=\"https:\/\/transportmotocykli.pl\/old\/kontakt\/\"><br \/>\n\t\t\t\t\t\t\t\t\tSkontaktuj si\u0119<br \/>\n\t\t\t\t\t<\/a><br \/>\n\t\t\t<a href=\"https:\/\/transportmotocykli.pl\/old\/zarezerwuj-wyjazd\/\"><br \/>\n\t\t\t\t\t\t\t\t\tZobacz wszystkie wyjazdy<br \/>\n\t\t\t\t\t<\/a><\/p>\n<h2>Bezpiecze\u0144stwo na pierwszym miejscu<\/h2>\n<p>Nasze pojazdy s\u0105 wyposa\u017cone w systemy monitoringu GPS, kt\u00f3re pozwalaj\u0105 na \u015bledzenie trasy transportu w czasie rzeczywistym. Dodatkowo ka\u017cdy transport jest obj\u0119ty pe\u0142nym ubezpieczeniem do warto\u015bci (TU WPISA\u0106 KWOT\u0118 UBEZPIECZENIA)<\/p>\n<p>\t\t\t<a role=\"button\"><br \/>\n\t\t\t\t\t\t\t\t\tDowiedz si\u0119 wi\u0119cej&#8230;<br \/>\n\t\t\t\t\t<\/a><\/p>\n<h2>Jak odbywa si\u0119 transport motocykli?<\/h2>\n<h5>Poni\u017cej przedstawiamy proces organizacji transportu motocykli naszych Klient\u00f3w:<\/h5>\n<h3>01.<\/p>\n<hr>\n<p>Rezerwacja<br \/>\n<\/h3>\n<p style=\"background-image: initial; background-position: initial; background-size: initial; background-repeat: initial; background-attachment: initial; background-origin: initial; background-clip: initial;\">Wybierasz dat\u0119 i miejsce docelowe, a nast\u0119pnie wype\u0142niasz zg\u0142oszenie online lub<br \/>\nkontaktujesz si\u0119 z nami.<o:p><\/o:p><\/p>\n<h3>02.<\/p>\n<hr>\n<p>Dokonanie op\u0142aty<br \/>\n<\/h3>\n<p style=\"background-image: initial; background-position: initial; background-size: initial; background-repeat: initial; background-attachment: initial; background-origin: initial; background-clip: initial;\">Dokonujesz op\u0142aty 50% ceny, reszt\u0119 30 dni przed wyjazdem<\/p>\n<h3>03.<\/p>\n<hr>\n<p>Rezerwacja lotu<br \/>\n<\/h3>\n<p style=\"background-image: initial; background-position: initial; background-size: initial; background-repeat: initial; background-attachment: initial; background-origin: initial; background-clip: initial;\">Rezerwujesz lot w dogodnym dla ciebie czasie<\/p>\n<h3>04.<\/p>\n<hr>\n<p>Przywie\u017a sw\u00f3j sprz\u0119t<br \/>\n<\/h3>\n<p style=\"background-image: initial; background-position: initial; background-size: initial; background-repeat: initial; background-attachment: initial; background-origin: initial; background-clip: initial;\">Przywozisz sw\u00f3j motocykl z baga\u017cem (kufry,kask,kombinezon) w ustalonym terminie.<\/p>\n<h3>05.<\/p>\n<hr>\n<p>Odbi\u00f3r Sprz\u0119tu<br \/>\n<\/h3>\n<p style=\"background-image: initial; background-position: initial; background-size: initial; background-repeat: initial; background-attachment: initial; background-origin: initial; background-clip: initial;\">Tw\u00f3j motocykl czeka na Ciebie w um\u00f3wionym miejscu, gotowy do jazdy.<\/p>\n<h3>06.<\/p>\n<hr>\n<p>Zwrot motocykla po przygodzie<br \/>\n<\/h3>\n<p style=\"background-image: initial; background-position: initial; background-size: initial; background-repeat: initial; background-attachment: initial; background-origin: initial; background-clip: initial;\">Po zako\u0144czeniu wyjazdu, przygotowujemy Tw\u00f3j motocykl do transportu powrotnego. Nasi technicy dok\u0142adnie sprawdzaj\u0105 stan techniczny pojazdu, aby upewni\u0107 si\u0119, \u017ce jest on w idealnym stanie.<\/p>\n<h3>07.<\/p>\n<hr>\n<p>Odbi\u00f3r Sprz\u0119tu w Polsce<br \/>\n<\/h3>\n<p style=\"background-image: initial; background-position: initial; background-size: initial; background-repeat: initial; background-attachment: initial; background-origin: initial; background-clip: initial;\">Odbierasz sw\u00f3j motocykl oraz swoje baga\u017ce w wyznaczonym przez nas miejscu.<\/p>\n<h2>Kompleksowa obs\u0142uga grup<\/h2>\n<p>Nasza nowoczesna flota pojazd\u00f3w transportowych umo\u017cliwia szybki i bezpieczny przew\u00f3z wi\u0119kszej liczby motocykli jednocze\u015bnie. Oferujemy us\u0142ugi logistyczne zar\u00f3wno dla klient\u00f3w indywidualnych, jak i zorganizowanych grup. Mo\u017cemy odbiera\u0107 i dostarcza\u0107 jedno\u015blady w wyznaczonym terminie i miejscu, zapewniaj\u0105c pe\u0142n\u0105 elastyczno\u015b\u0107 i wygod\u0119.<\/p>\n<p>\t\t\t<a role=\"button\"><br \/>\n\t\t\t\t\t\t\t\t\tDowiedz si\u0119 wi\u0119cej&#8230;<br \/>\n\t\t\t\t\t<\/a><br \/>\n\t\t\t\t\t\t\t\t\t\t\t\t\t<img loading=\"lazy\" decoding=\"async\" width=\"800\" height=\"491\" src=\"https:\/\/transportmotocykli.pl\/old\/wp-content\/uploads\/logo-zatwierdzone-transport-motocykli-2-.png\" alt=\"logo transport motocykli\" srcset=\"https:\/\/transportmotocykli.pl\/old\/wp-content\/uploads\/logo-zatwierdzone-transport-motocykli-2-.png 1144w, https:\/\/transportmotocykli.pl\/old\/wp-content\/uploads\/logo-zatwierdzone-transport-motocykli-2--960x589.png 960w, https:\/\/transportmotocykli.pl\/old\/wp-content\/uploads\/logo-zatwierdzone-transport-motocykli-2--768x471.png 768w\" sizes=\"auto, (max-width: 800px) 100vw, 800px\" \/>\t\t\t\t\t\t\t\t\t\t\t\t\t<\/p>\n<h2>Do\u015bwiadczenie wynikaj\u0105ce z pasji <\/h2>\n<p>Nasza firma ma wieloletnie do\u015bwiadczenie w logistyce transportu motocykli. Dzi\u0119ki pasji do jedno\u015blad\u00f3w oraz technologiom transportowym, kt\u00f3re stosujemy, jeste\u015bmy w stanie sprosta\u0107 najwy\u017cszym wymaganiom naszych klient\u00f3w. Korzystamy z w\u0142asnych do\u015bwiadcze\u0144, aby nieustannie doskonali\u0107 nasze us\u0142ugi i zapewnia\u0107 najwy\u017cszy poziom obs\u0142ugi.<\/p>\n<p>\t\t\t\tBlog\t\t\t\t<\/p>\n<h2>Nasze opinie<\/h2>\n<h5>Zobacz, co m\u00f3wi\u0105 o nas nasi zadowoleni klienci. Jeste\u015bmy najlepszym wyborem dla bezpiecznego i profesjonalnego transportu Twojego motocykla.<\/h5>\n<p>\t\t[trustindex no-registration=google]\t\t<\/p>\n<h3>Twoja przygoda zaczyna si\u0119 tutaj<\/h3>\n<p>Nie tylko przewieziemy Tw\u00f3j motocykl, ale tak\u017ce zapewnimy bezpieczny transport Twojego baga\u017cu i dodatkowego sprz\u0119tu. Dajemy Ci r\u00f3wnie\u017c mo\u017cliwo\u015b\u0107 do\u0142\u0105czenia swojego jedno\u015bladu do innych organizowanych przez nas transport\u00f3w, co dodatkowo obni\u017cy koszty.<\/p>\n<p>\t\t\t\t\t\t\t\t\t\t\t\t\t<img loading=\"lazy\" decoding=\"async\" width=\"128\" height=\"128\" src=\"https:\/\/transportmotocykli.pl\/old\/wp-content\/uploads\/sms.png\" alt=\"ikona telefon\" \/>\t\t\t\t\t\t\t\t\t\t\t\t\t<\/p>\n<h2>ZAdzwo\u0144<\/h2>\n<p>+48 690 840 860<\/p>\n<p>\t\t\t\t\t\t\t\t\t\t\t\t\t<img loading=\"lazy\" decoding=\"async\" width=\"800\" height=\"491\" src=\"https:\/\/transportmotocykli.pl\/old\/wp-content\/uploads\/logo-zatwierdzone-transport-motocykli-2-.png\" alt=\"logo transport motocykli\" srcset=\"https:\/\/transportmotocykli.pl\/old\/wp-content\/uploads\/logo-zatwierdzone-transport-motocykli-2-.png 1144w, https:\/\/transportmotocykli.pl\/old\/wp-content\/uploads\/logo-zatwierdzone-transport-motocykli-2--960x589.png 960w, https:\/\/transportmotocykli.pl\/old\/wp-content\/uploads\/logo-zatwierdzone-transport-motocykli-2--768x471.png 768w\" sizes=\"auto, (max-width: 800px) 100vw, 800px\" \/>\t\t\t\t\t\t\t\t\t\t\t\t\t<\/p>\n<h3>Firma<\/h3>\n<p>ul. Klonowa 7, <br \/>82-500 Rakowiec<\/p>\n<p>\t\t\t\t\t\t\t\t\t\t\t\t\t<img loading=\"lazy\" decoding=\"async\" width=\"128\" height=\"128\" src=\"https:\/\/transportmotocykli.pl\/old\/wp-content\/uploads\/email.png\" alt=\"ikona email\" \/>\t\t\t\t\t\t\t\t\t\t\t\t\t<\/p>\n<h3>Napisz<\/h3>\n<p>info@transportmotocykli.pl<\/p>\n","protected":false},"excerpt":{"rendered":"<p>Dostarczymy Tw\u00f3j motocykl w dowolne miejsce w Europie Nasza firma specjalizuje si\u0119 w logistyce transportu motocykli na terenie Europy. Korzystamy z najnowszych rozwi\u0105za\u0144 transportowych, aby zapewni\u0107 bezpieczny i efektywny przew\u00f3z Twojego jedno\u015bladu. Transport motocykla na w\u0142asn\u0105 r\u0119k\u0119 mo\u017ce by\u0107 czasoch\u0142onny i m\u0119cz\u0105cy. Du\u017co lepszym i cz\u0119sto ta\u0144szym rozwi\u0105zaniem jest podr\u00f3\u017c samolotem i odbi\u00f3r motocykli ju\u017c [&hellip;]<\/p>\n","protected":false},"author":1,"featured_media":0,"parent":0,"menu_order":0,"comment_status":"closed","ping_status":"closed","template":"","meta":{"footnotes":""},"class_list":["post-655","page","type-page","status-publish","hentry"],"_links":{"self":[{"href":"https:\/\/transportmotocykli.pl\/old\/wp-json\/wp\/v2\/pages\/655","targetHints":{"allow":["GET"]}}],"collection":[{"href":"https:\/\/transportmotocykli.pl\/old\/wp-json\/wp\/v2\/pages"}],"about":[{"href":"https:\/\/transportmotocykli.pl\/old\/wp-json\/wp\/v2\/types\/page"}],"author":[{"embeddable":true,"href":"https:\/\/transportmotocykli.pl\/old\/wp-json\/wp\/v2\/users\/1"}],"replies":[{"embeddable":true,"href":"https:\/\/transportmotocykli.pl\/old\/wp-json\/wp\/v2\/comments?post=655"}],"version-history":[{"count":480,"href":"https:\/\/transportmotocykli.pl\/old\/wp-json\/wp\/v2\/pages\/655\/revisions"}],"predecessor-version":[{"id":2801,"href":"https:\/\/transportmotocykli.pl\/old\/wp-json\/wp\/v2\/pages\/655\/revisions\/2801"}],"wp:attachment":[{"href":"https:\/\/transportmotocykli.pl\/old\/wp-json\/wp\/v2\/media?parent=655"}],"curies":[{"name":"wp","href":"https:\/\/api.w.org\/{rel}","templated":true}]}}