{"id":2685,"date":"2024-11-05T08:29:11","date_gmt":"2024-11-05T07:29:11","guid":{"rendered":"https:\/\/transportmotocykli.pl\/old\/?page_id=2685"},"modified":"2024-11-08T10:14:49","modified_gmt":"2024-11-08T09:14:49","slug":"zarezerwuj-wyjazd","status":"publish","type":"page","link":"https:\/\/transportmotocykli.pl\/old\/zarezerwuj-wyjazd\/","title":{"rendered":"Zarezerwuj wyjazd"},"content":{"rendered":"<h1>Zarezerwuj wyjazd<\/h1>\n<p>Dla Twojej wygody przygotowali\u015bmy szczeg\u00f3\u0142owy harmonogram wyjazd\u00f3w, kt\u00f3ry pozwala zaplanowa\u0107 transport motocykla zgodnie z Twoimi potrzebami.<\/p>\n<h3>Golub Dobrzy\u0144 &#8211; Lizbona<br \/>\n<\/h3>\n<p>3000 PLN<\/p>\n<p style=\"background-image: initial; background-position: initial; background-size: initial; background-repeat: initial; background-attachment: initial; background-origin: initial; background-clip: initial;\"><strong>Za\u0142adunek w Polsce:<\/strong><\/p>\n<ul>\n<li>\n\t\t\t\t\t\t\t\t\t\t25.01.2025\n\t\t\t\t\t\t\t\t\t<\/li>\n<\/ul>\n<p style=\"background-image: initial; background-position: initial; background-size: initial; background-repeat: initial; background-attachment: initial; background-origin: initial; background-clip: initial;\"><strong>Odbi\u00f3r motocykli:<\/strong><\/p>\n<ul>\n<li>\n\t\t\t\t\t\t\t\t\t\tLizbona\n\t\t\t\t\t\t\t\t\t<\/li>\n<li>\n\t\t\t\t\t\t\t\t\t\t03.02.2025\n\t\t\t\t\t\t\t\t\t<\/li>\n<\/ul>\n<p style=\"background-image: initial; background-position: initial; background-size: initial; background-repeat: initial; background-attachment: initial; background-origin: initial; background-clip: initial;\"><strong>Zdanie motocykli:<\/strong><\/p>\n<ul>\n<li>\n\t\t\t\t\t\t\t\t\t\tLizbona\n\t\t\t\t\t\t\t\t\t<\/li>\n<li>\n\t\t\t\t\t\t\t\t\t\t13.02.2025\n\t\t\t\t\t\t\t\t\t<\/li>\n<\/ul>\n<p style=\"background-image: initial; background-position: initial; background-size: initial; background-repeat: initial; background-attachment: initial; background-origin: initial; background-clip: initial;\"><strong>Odbi\u00f3r w Polsce:<\/strong><\/p>\n<ul>\n<li>\n\t\t\t\t\t\t\t\t\t\t22.02.2025\n\t\t\t\t\t\t\t\t\t<\/li>\n<\/ul>\n<p>\t\t\t<a href=\"https:\/\/transportmotocykli.pl\/old\/kontakt\/\"><br \/>\n\t\t\t\t\t\t\t\t\tSkontaktuj si\u0119<br \/>\n\t\t\t\t\t<\/a><\/p>\n<h3>Polska &#8211; Malaga<br \/>\n<\/h3>\n<p>700 euro<\/p>\n<p style=\"background-image: initial; background-position: initial; background-size: initial; background-repeat: initial; background-attachment: initial; background-origin: initial; background-clip: initial;\"><strong>Za\u0142adunek w Polsce:<\/strong><\/p>\n<ul>\n<li>\n\t\t\t\t\t\t\t\t\t\t19.04.2025\n\t\t\t\t\t\t\t\t\t<\/li>\n<\/ul>\n<p style=\"background-image: initial; background-position: initial; background-size: initial; background-repeat: initial; background-attachment: initial; background-origin: initial; background-clip: initial;\"><strong>Odbi\u00f3r motocykli:<\/strong><\/p>\n<ul>\n<li>\n\t\t\t\t\t\t\t\t\t\tMalaga\n\t\t\t\t\t\t\t\t\t<\/li>\n<li>\n\t\t\t\t\t\t\t\t\t\t26.04.2025\n\t\t\t\t\t\t\t\t\t<\/li>\n<\/ul>\n<p style=\"background-image: initial; background-position: initial; background-size: initial; background-repeat: initial; background-attachment: initial; background-origin: initial; background-clip: initial;\"><strong>Zdanie motocykli:<\/strong><\/p>\n<ul>\n<li>\n\t\t\t\t\t\t\t\t\t\tMalaga\n\t\t\t\t\t\t\t\t\t<\/li>\n<li>\n\t\t\t\t\t\t\t\t\t\t09.05.2025\n\t\t\t\t\t\t\t\t\t<\/li>\n<\/ul>\n<p style=\"background-image: initial; background-position: initial; background-size: initial; background-repeat: initial; background-attachment: initial; background-origin: initial; background-clip: initial;\"><strong>Odbi\u00f3r w Polsce:<\/strong><\/p>\n<ul>\n<li>\n\t\t\t\t\t\t\t\t\t\t17.05.2025\n\t\t\t\t\t\t\t\t\t<\/li>\n<\/ul>\n<p>\t\t\t<a href=\"https:\/\/transportmotocykli.pl\/old\/kontakt\/\"><br \/>\n\t\t\t\t\t\t\t\t\tSkontaktuj si\u0119<br \/>\n\t\t\t\t\t<\/a><\/p>\n<h3>Polska &#8211; Neapol<br \/>\n<\/h3>\n<p>3200 PLN<\/p>\n<p style=\"background-image: initial; background-position: initial; background-size: initial; background-repeat: initial; background-attachment: initial; background-origin: initial; background-clip: initial;\"><strong>Za\u0142adunek w Polsce:<\/strong><\/p>\n<ul>\n<li>\n\t\t\t\t\t\t\t\t\t\t26.04.2025\n\t\t\t\t\t\t\t\t\t<\/li>\n<\/ul>\n<p style=\"background-image: initial; background-position: initial; background-size: initial; background-repeat: initial; background-attachment: initial; background-origin: initial; background-clip: initial;\"><strong>Odbi\u00f3r motocykli:<\/strong><\/p>\n<ul>\n<li>\n\t\t\t\t\t\t\t\t\t\tNeapol\n\t\t\t\t\t\t\t\t\t<\/li>\n<li>\n\t\t\t\t\t\t\t\t\t\t30.04.2025\n\t\t\t\t\t\t\t\t\t<\/li>\n<\/ul>\n<p style=\"background-image: initial; background-position: initial; background-size: initial; background-repeat: initial; background-attachment: initial; background-origin: initial; background-clip: initial;\"><strong>Zdanie motocykli:<\/strong><\/p>\n<ul>\n<li>\n\t\t\t\t\t\t\t\t\t\tNeapol\n\t\t\t\t\t\t\t\t\t<\/li>\n<li>\n\t\t\t\t\t\t\t\t\t\t10.05.2025\n\t\t\t\t\t\t\t\t\t<\/li>\n<\/ul>\n<p style=\"background-image: initial; background-position: initial; background-size: initial; background-repeat: initial; background-attachment: initial; background-origin: initial; background-clip: initial;\"><strong>Odbi\u00f3r w Polsce:<\/strong><\/p>\n<ul>\n<li>\n\t\t\t\t\t\t\t\t\t\t17.05.2025\n\t\t\t\t\t\t\t\t\t<\/li>\n<\/ul>\n<p>\t\t\t<a href=\"https:\/\/transportmotocykli.pl\/old\/kontakt\/\"><br \/>\n\t\t\t\t\t\t\t\t\tSkontaktuj si\u0119<br \/>\n\t\t\t\t\t<\/a><\/p>\n<h3>Polska &#8211; Bu\u0142garia<\/h3>\n<p>3000 PLN<\/p>\n<p style=\"background-image: initial; background-position: initial; background-size: initial; background-repeat: initial; background-attachment: initial; background-origin: initial; background-clip: initial;\"><strong>Za\u0142adunek w Polsce:<\/strong><\/p>\n<ul>\n<li>\n\t\t\t\t\t\t\t\t\t\t07.06.2025\n\t\t\t\t\t\t\t\t\t<\/li>\n<\/ul>\n<p style=\"background-image: initial; background-position: initial; background-size: initial; background-repeat: initial; background-attachment: initial; background-origin: initial; background-clip: initial;\"><strong>Odbi\u00f3r motocykli:<\/strong><\/p>\n<ul>\n<li>\n\t\t\t\t\t\t\t\t\t\tPlidov\n\t\t\t\t\t\t\t\t\t<\/li>\n<li>\n\t\t\t\t\t\t\t\t\t\t11.06.2025\n\t\t\t\t\t\t\t\t\t<\/li>\n<\/ul>\n<p style=\"background-image: initial; background-position: initial; background-size: initial; background-repeat: initial; background-attachment: initial; background-origin: initial; background-clip: initial;\"><strong>Zdanie motocykli:<\/strong><\/p>\n<ul>\n<li>\n\t\t\t\t\t\t\t\t\t\tPlidov\n\t\t\t\t\t\t\t\t\t<\/li>\n<li>\n\t\t\t\t\t\t\t\t\t\t05-08.07.2025\n\t\t\t\t\t\t\t\t\t<\/li>\n<\/ul>\n<p style=\"background-image: initial; background-position: initial; background-size: initial; background-repeat: initial; background-attachment: initial; background-origin: initial; background-clip: initial;\"><strong>Odbi\u00f3r w Polsce:<\/strong><\/p>\n<ul>\n<li>\n\t\t\t\t\t\t\t\t\t\t26.07.2025\n\t\t\t\t\t\t\t\t\t<\/li>\n<\/ul>\n<p>\t\t\t<a href=\"https:\/\/transportmotocykli.pl\/old\/kontakt\/\"><br \/>\n\t\t\t\t\t\t\t\t\tSkontaktuj si\u0119<br \/>\n\t\t\t\t\t<\/a><\/p>\n","protected":false},"excerpt":{"rendered":"<p>Zarezerwuj wyjazd Dla Twojej wygody przygotowali\u015bmy szczeg\u00f3\u0142owy harmonogram wyjazd\u00f3w, kt\u00f3ry pozwala zaplanowa\u0107 transport motocykla zgodnie z Twoimi potrzebami. Golub Dobrzy\u0144 &#8211; Lizbona 3000 PLN Za\u0142adunek w Polsce: 25.01.2025 Odbi\u00f3r motocykli: Lizbona 03.02.2025 Zdanie motocykli: Lizbona 13.02.2025 Odbi\u00f3r w Polsce: 22.02.2025 Skontaktuj si\u0119 Polska &#8211; Malaga 700 euro Za\u0142adunek w Polsce: 19.04.2025 Odbi\u00f3r motocykli: Malaga 26.04.2025 [&hellip;]<\/p>\n","protected":false},"author":1,"featured_media":0,"parent":0,"menu_order":0,"comment_status":"closed","ping_status":"closed","template":"","meta":{"footnotes":""},"class_list":["post-2685","page","type-page","status-publish","hentry"],"_links":{"self":[{"href":"https:\/\/transportmotocykli.pl\/old\/wp-json\/wp\/v2\/pages\/2685","targetHints":{"allow":["GET"]}}],"collection":[{"href":"https:\/\/transportmotocykli.pl\/old\/wp-json\/wp\/v2\/pages"}],"about":[{"href":"https:\/\/transportmotocykli.pl\/old\/wp-json\/wp\/v2\/types\/page"}],"author":[{"embeddable":true,"href":"https:\/\/transportmotocykli.pl\/old\/wp-json\/wp\/v2\/users\/1"}],"replies":[{"embeddable":true,"href":"https:\/\/transportmotocykli.pl\/old\/wp-json\/wp\/v2\/comments?post=2685"}],"version-history":[{"count":52,"href":"https:\/\/transportmotocykli.pl\/old\/wp-json\/wp\/v2\/pages\/2685\/revisions"}],"predecessor-version":[{"id":2783,"href":"https:\/\/transportmotocykli.pl\/old\/wp-json\/wp\/v2\/pages\/2685\/revisions\/2783"}],"wp:attachment":[{"href":"https:\/\/transportmotocykli.pl\/old\/wp-json\/wp\/v2\/media?parent=2685"}],"curies":[{"name":"wp","href":"https:\/\/api.w.org\/{rel}","templated":true}]}}